{"id":16,"date":"2026-03-05T01:51:02","date_gmt":"2026-03-05T01:51:02","guid":{"rendered":"https:\/\/ettara.net\/?page_id=16"},"modified":"2026-04-16T22:11:27","modified_gmt":"2026-04-16T22:11:27","slug":"contato","status":"publish","type":"page","link":"https:\/\/ettara.net\/en\/contato\/","title":{"rendered":"Contato"},"content":{"rendered":"<div data-elementor-type=\"wp-page\" data-elementor-id=\"16\" class=\"elementor elementor-16\">\n\t\t\t\t<div class=\"elementor-element elementor-element-940b26a e-flex e-con-boxed wpr-particle-no wpr-jarallax-no wpr-parallax-no wpr-sticky-section-no e-con e-parent\" data-id=\"940b26a\" data-element_type=\"container\" data-e-type=\"container\" data-settings=\"{&quot;background_background&quot;:&quot;classic&quot;}\">\n\t\t\t\t\t<div class=\"e-con-inner\">\n\t\t\t\t<div class=\"elementor-element elementor-element-8ec7753 elementor-widget elementor-widget-heading\" data-id=\"8ec7753\" data-element_type=\"widget\" data-e-type=\"widget\" data-widget_type=\"heading.default\">\n\t\t\t\t\t<h2 class=\"elementor-heading-title elementor-size-default\">Contato<\/h2>\t\t\t\t<\/div>\n\t\t\t\t\t<\/div>\n\t\t\t\t<\/div>\n\t\t<div class=\"elementor-element elementor-element-fc107fc e-flex e-con-boxed wpr-particle-no wpr-jarallax-no wpr-parallax-no wpr-sticky-section-no e-con e-parent\" data-id=\"fc107fc\" data-element_type=\"container\" data-e-type=\"container\">\n\t\t\t\t\t<div class=\"e-con-inner\">\n\t\t\t\t<div class=\"elementor-element elementor-element-9f4e624 elementor-widget elementor-widget-text-editor\" data-id=\"9f4e624\" data-element_type=\"widget\" data-e-type=\"widget\" data-widget_type=\"text-editor.default\">\n\t\t\t\t\t\t\t\t\t<p class=\"isSelectedEnd\">Queremos que sua experi\u00eancia com nossos body splashes seja sempre a melhor poss\u00edvel. Se voc\u00ea tiver d\u00favidas sobre pedidos, produtos, entregas ou precisar de qualquer tipo de suporte, nossa equipe de atendimento est\u00e1 pronta para ajudar.<\/p><p>Entre em contato conosco atrav\u00e9s do telefone abaixo. Nosso time ter\u00e1 prazer em atender voc\u00ea e oferecer todo o suporte necess\u00e1rio.<\/p>\t\t\t\t\t\t\t\t<\/div>\n\t\t<div class=\"elementor-element elementor-element-f1bfcfb e-grid e-con-full wpr-particle-no wpr-jarallax-no wpr-parallax-no wpr-sticky-section-no e-con e-child\" data-id=\"f1bfcfb\" data-element_type=\"container\" data-e-type=\"container\" data-settings=\"{&quot;background_background&quot;:&quot;classic&quot;}\">\n\t\t\t\t<div class=\"elementor-element elementor-element-4a96699 elementor-align-center elementor-widget elementor-widget-button\" data-id=\"4a96699\" data-element_type=\"widget\" data-e-type=\"widget\" data-widget_type=\"button.default\">\n\t\t\t\t\t\t\t\t\t\t<a class=\"elementor-button elementor-button-link elementor-size-sm\" href=\"mailto:contato@ettara.net\">\n\t\t\t\t\t\t<span class=\"elementor-button-content-wrapper\">\n\t\t\t\t\t\t\t\t\t<span class=\"elementor-button-text\">Fale conosco<\/span>\n\t\t\t\t\t<\/span>\n\t\t\t\t\t<\/a>\n\t\t\t\t\t\t\t\t<\/div>\n\t\t\t\t<\/div>\n\t\t<div class=\"elementor-element elementor-element-260bb00 e-grid e-con-full wpr-particle-no wpr-jarallax-no wpr-parallax-no wpr-sticky-section-no e-con e-child\" data-id=\"260bb00\" data-element_type=\"container\" data-e-type=\"container\">\n\t\t\t\t<div class=\"elementor-element elementor-element-7740e85 elementor-widget elementor-widget-heading\" data-id=\"7740e85\" data-element_type=\"widget\" data-e-type=\"widget\" data-widget_type=\"heading.default\">\n\t\t\t\t\t<h2 class=\"elementor-heading-title elementor-size-default\">Se preferir, voc\u00ea tamb\u00e9m pode entrar em contato para:<\/h2>\t\t\t\t<\/div>\n\t\t\t\t<div class=\"elementor-element elementor-element-4c0debc elementor-icon-list--layout-traditional elementor-list-item-link-full_width elementor-widget elementor-widget-icon-list\" data-id=\"4c0debc\" data-element_type=\"widget\" data-e-type=\"widget\" data-widget_type=\"icon-list.default\">\n\t\t\t\t\t\t\t<ul class=\"elementor-icon-list-items\">\n\t\t\t\t\t\t\t<li class=\"elementor-icon-list-item\">\n\t\t\t\t\t\t\t\t\t\t\t<a href=\"mailto:contato@ettara.net\">\n\n\t\t\t\t\t\t\t\t\t\t\t\t<span class=\"elementor-icon-list-icon\">\n\t\t\t\t\t\t\t<svg aria-hidden=\"true\" class=\"e-font-icon-svg e-fas-box-open\" viewbox=\"0 0 640 512\" xmlns=\"http:\/\/www.w3.org\/2000\/svg\"><path d=\"M425.7 256c-16.9 0-32.8-9-41.4-23.4L320 126l-64.2 106.6c-8.7 14.5-24.6 23.5-41.5 23.5-4.5 0-9-.6-13.3-1.9L64 215v178c0 14.7 10 27.5 24.2 31l216.2 54.1c10.2 2.5 20.9 2.5 31 0L551.8 424c14.2-3.6 24.2-16.4 24.2-31V215l-137 39.1c-4.3 1.3-8.8 1.9-13.3 1.9zm212.6-112.2L586.8 41c-3.1-6.2-9.8-9.8-16.7-8.9L320 64l91.7 152.1c3.8 6.3 11.4 9.3 18.5 7.3l197.9-56.5c9.9-2.9 14.7-13.9 10.2-23.1zM53.2 41L1.7 143.8c-4.6 9.2.3 20.2 10.1 23l197.9 56.5c7.1 2 14.7-1 18.5-7.3L320 64 69.8 32.1c-6.9-.8-13.5 2.7-16.6 8.9z\"><\/path><\/svg>\t\t\t\t\t\t<\/span>\n\t\t\t\t\t\t\t\t\t\t<span class=\"elementor-icon-list-text\">Acompanhar o status do seu pedido<\/span>\n\t\t\t\t\t\t\t\t\t\t\t<\/a>\n\t\t\t\t\t\t\t\t\t<\/li>\n\t\t\t\t\t\t\t\t<li class=\"elementor-icon-list-item\">\n\t\t\t\t\t\t\t\t\t\t\t<a href=\"mailto:contato@ettara.net\">\n\n\t\t\t\t\t\t\t\t\t\t\t\t<span class=\"elementor-icon-list-icon\">\n\t\t\t\t\t\t\t<svg aria-hidden=\"true\" class=\"e-font-icon-svg e-far-comments\" viewbox=\"0 0 576 512\" xmlns=\"http:\/\/www.w3.org\/2000\/svg\"><path d=\"M532 386.2c27.5-27.1 44-61.1 44-98.2 0-80-76.5-146.1-176.2-157.9C368.3 72.5 294.3 32 208 32 93.1 32 0 103.6 0 192c0 37 16.5 71 44 98.2-15.3 30.7-37.3 54.5-37.7 54.9-6.3 6.7-8.1 16.5-4.4 25 3.6 8.5 12 14 21.2 14 53.5 0 96.7-20.2 125.2-38.8 9.2 2.1 18.7 3.7 28.4 4.9C208.1 407.6 281.8 448 368 448c20.8 0 40.8-2.4 59.8-6.8C456.3 459.7 499.4 480 553 480c9.2 0 17.5-5.5 21.2-14 3.6-8.5 1.9-18.3-4.4-25-.4-.3-22.5-24.1-37.8-54.8zm-392.8-92.3L122.1 305c-14.1 9.1-28.5 16.3-43.1 21.4 2.7-4.7 5.4-9.7 8-14.8l15.5-31.1L77.7 256C64.2 242.6 48 220.7 48 192c0-60.7 73.3-112 160-112s160 51.3 160 112-73.3 112-160 112c-16.5 0-33-1.9-49-5.6l-19.8-4.5zM498.3 352l-24.7 24.4 15.5 31.1c2.6 5.1 5.3 10.1 8 14.8-14.6-5.1-29-12.3-43.1-21.4l-17.1-11.1-19.9 4.6c-16 3.7-32.5 5.6-49 5.6-54 0-102.2-20.1-131.3-49.7C338 339.5 416 272.9 416 192c0-3.4-.4-6.7-.7-10C479.7 196.5 528 238.8 528 288c0 28.7-16.2 50.6-29.7 64z\"><\/path><\/svg>\t\t\t\t\t\t<\/span>\n\t\t\t\t\t\t\t\t\t\t<span class=\"elementor-icon-list-text\">Tirar d\u00favidas sobre fragr\u00e2ncias e produtos<\/span>\n\t\t\t\t\t\t\t\t\t\t\t<\/a>\n\t\t\t\t\t\t\t\t\t<\/li>\n\t\t\t\t\t\t\t\t<li class=\"elementor-icon-list-item\">\n\t\t\t\t\t\t\t\t\t\t\t<a href=\"mailto:contato@ettara.net\">\n\n\t\t\t\t\t\t\t\t\t\t\t\t<span class=\"elementor-icon-list-icon\">\n\t\t\t\t\t\t\t<i aria-hidden=\"true\" class=\"icon icon-cog\"><\/i>\t\t\t\t\t\t<\/span>\n\t\t\t\t\t\t\t\t\t\t<span class=\"elementor-icon-list-text\">Receber suporte p\u00f3s-compra<\/span>\n\t\t\t\t\t\t\t\t\t\t\t<\/a>\n\t\t\t\t\t\t\t\t\t<\/li>\n\t\t\t\t\t\t<\/ul>\n\t\t\t\t\t\t<\/div>\n\t\t\t\t<\/div>\n\t\t\t\t\t<\/div>\n\t\t\t\t<\/div>\n\t\t<div class=\"elementor-element elementor-element-95ee8ea e-flex e-con-boxed wpr-particle-no wpr-jarallax-no wpr-parallax-no wpr-sticky-section-no e-con e-parent\" data-id=\"95ee8ea\" data-element_type=\"container\" data-e-type=\"container\" data-settings=\"{&quot;background_background&quot;:&quot;classic&quot;}\">\n\t\t\t\t\t<div class=\"e-con-inner\">\n\t\t\t\t<div class=\"elementor-element elementor-element-2245a94 elementor-widget-mobile__width-initial elementor-icon-list--layout-traditional elementor-list-item-link-full_width elementor-widget elementor-widget-icon-list\" data-id=\"2245a94\" data-element_type=\"widget\" data-e-type=\"widget\" data-widget_type=\"icon-list.default\">\n\t\t\t\t\t\t\t<ul class=\"elementor-icon-list-items\">\n\t\t\t\t\t\t\t<li class=\"elementor-icon-list-item\">\n\t\t\t\t\t\t\t\t\t\t\t<a href=\"mailto:contato@ettara.net\">\n\n\t\t\t\t\t\t\t\t\t\t\t\t<span class=\"elementor-icon-list-icon\">\n\t\t\t\t\t\t\t<svg aria-hidden=\"true\" class=\"e-font-icon-svg e-fas-envelope\" viewbox=\"0 0 512 512\" xmlns=\"http:\/\/www.w3.org\/2000\/svg\"><path d=\"M502.3 190.8c3.9-3.1 9.7-.2 9.7 4.7V400c0 26.5-21.5 48-48 48H48c-26.5 0-48-21.5-48-48V195.6c0-5 5.7-7.8 9.7-4.7 22.4 17.4 52.1 39.5 154.1 113.6 21.1 15.4 56.7 47.8 92.2 47.6 35.7.3 72-32.8 92.3-47.6 102-74.1 131.6-96.3 154-113.7zM256 320c23.2.4 56.6-29.2 73.4-41.4 132.7-96.3 142.8-104.7 173.4-128.7 5.8-4.5 9.2-11.5 9.2-18.9v-19c0-26.5-21.5-48-48-48H48C21.5 64 0 85.5 0 112v19c0 7.4 3.4 14.3 9.2 18.9 30.6 23.9 40.7 32.4 173.4 128.7 16.8 12.2 50.2 41.8 73.4 41.4z\"><\/path><\/svg>\t\t\t\t\t\t<\/span>\n\t\t\t\t\t\t\t\t\t\t<span class=\"elementor-icon-list-text\">contato@ettara.net<\/span>\n\t\t\t\t\t\t\t\t\t\t\t<\/a>\n\t\t\t\t\t\t\t\t\t<\/li>\n\t\t\t\t\t\t\t\t<li class=\"elementor-icon-list-item\">\n\t\t\t\t\t\t\t\t\t\t\t<a href=\"tel:+17742041498\">\n\n\t\t\t\t\t\t\t\t\t\t\t\t<span class=\"elementor-icon-list-icon\">\n\t\t\t\t\t\t\t<svg aria-hidden=\"true\" class=\"e-font-icon-svg e-fas-phone-alt\" viewbox=\"0 0 512 512\" xmlns=\"http:\/\/www.w3.org\/2000\/svg\"><path d=\"M497.39 361.8l-112-48a24 24 0 0 0-28 6.9l-49.6 60.6A370.66 370.66 0 0 1 130.6 204.11l60.6-49.6a23.94 23.94 0 0 0 6.9-28l-48-112A24.16 24.16 0 0 0 122.6.61l-104 24A24 24 0 0 0 0 48c0 256.5 207.9 464 464 464a24 24 0 0 0 23.4-18.6l24-104a24.29 24.29 0 0 0-14.01-27.6z\"><\/path><\/svg>\t\t\t\t\t\t<\/span>\n\t\t\t\t\t\t\t\t\t\t<span class=\"elementor-icon-list-text\">+1 (774) 204-1498<\/span>\n\t\t\t\t\t\t\t\t\t\t\t<\/a>\n\t\t\t\t\t\t\t\t\t<\/li>\n\t\t\t\t\t\t\t\t<li class=\"elementor-icon-list-item\">\n\t\t\t\t\t\t\t\t\t\t\t<a href=\"https:\/\/www.google.com\/search?q=campinas&#038;client=safari&#038;hs=esSp&#038;sca_esv=d93e5f3f55d68fd9&#038;rls=en&#038;sxsrf=ANbL-n4L7n9dxV425Zh08cs1rrYJ-SQ1Mw%3A1772710090532&#038;ei=ymipacyaIOvN5OUPla7K4Qw&#038;biw=1464&#038;bih=743&#038;ved=0ahUKEwjMp_HZ04iTAxXrJrkGHRWXMswQ4dUDCBE&#038;uact=5&#038;oq=campinas&#038;gs_lp=Egxnd3Mtd2l6LXNlcnAiCGNhbXBpbmFzMgoQIxiABBgnGIoFMg0QLhiABBixAxhDGIoFMg4QLhiABBixAxjHARivATIIEC4YgAQYsQMyBRAAGIAEMgUQABiABDIIEC4YgAQYsQMyBRAAGIAEMgUQABiABDILEC4YgAQYxwEYrwFI8w1QlARYqw1wBHgBkAEAmAGVAaABgAeqAQMwLje4AQPIAQD4AQGYAgugArMHwgIKEAAYsAMY1gQYR8ICCBAAGIAEGLEDwgIREC4YgAQYsQMY0QMYgwEYxwHCAgsQABiABBixAxiDAcICChAuGIAEGEMYigXCAgsQLhiABBixAxiDAcICBBAjGCfCAg4QLhiABBixAxjRAxjHAcICChAAGIAEGEMYigXCAhQQLhiABBixAxjHARiYBRiOBRivAcICCxAAGIAEGJIDGIoFwgILEAAYgAQYsQMYyQPCAhAQLhiABBhDGMcBGIoFGK8BmAMA4gMFEgExIECIBgGQBgiSBwM0LjegB8WWAbIHAzAuN7gHpQfCBwcwLjUuNS4xyAclgAgA&#038;sclient=gws-wiz-serp\">\n\n\t\t\t\t\t\t\t\t\t\t\t\t<span class=\"elementor-icon-list-icon\">\n\t\t\t\t\t\t\t<svg aria-hidden=\"true\" class=\"e-font-icon-svg e-fas-map-marker-alt\" viewbox=\"0 0 384 512\" xmlns=\"http:\/\/www.w3.org\/2000\/svg\"><path d=\"M172.268 501.67C26.97 291.031 0 269.413 0 192 0 85.961 85.961 0 192 0s192 85.961 192 192c0 77.413-26.97 99.031-172.268 309.67-9.535 13.774-29.93 13.773-39.464 0zM192 272c44.183 0 80-35.817 80-80s-35.817-80-80-80-80 35.817-80 80 35.817 80 80 80z\"><\/path><\/svg>\t\t\t\t\t\t<\/span>\n\t\t\t\t\t\t\t\t\t\t<span class=\"elementor-icon-list-text\">Rua A Q.06 Lt.04 CEP. 74523010 - Campinas, SP<\/span>\n\t\t\t\t\t\t\t\t\t\t\t<\/a>\n\t\t\t\t\t\t\t\t\t<\/li>\n\t\t\t\t\t\t<\/ul>\n\t\t\t\t\t\t<\/div>\n\t\t\t\t\t<\/div>\n\t\t\t\t<\/div>\n\t\t\t\t<\/div>\n\t\t\n    <div class=\"xs_social_share_widget xs_share_url after_content \t\tmain_content  wslu-style-1 wslu-share-box-shaped wslu-fill-colored wslu-none wslu-share-horizontal wslu-theme-font-no wslu-main_content\">\n\n\t\t\n        <ul>\n\t\t\t        <\/ul>\n    <\/div>","protected":false},"excerpt":{"rendered":"<p>Contato Queremos que sua experi\u00eancia com nossos body splashes seja sempre a melhor poss\u00edvel. Se voc\u00ea tiver d\u00favidas sobre pedidos, produtos, entregas ou precisar de qualquer tipo de suporte, nossa equipe de atendimento est\u00e1 pronta para ajudar. Entre em contato conosco atrav\u00e9s do telefone abaixo. Nosso time ter\u00e1 prazer em atender voc\u00ea e oferecer todo o suporte necess\u00e1rio. Fale conosco Se preferir, voc\u00ea tamb\u00e9m pode entrar em contato para: Acompanhar o status do seu pedido Tirar d\u00favidas sobre fragr\u00e2ncias e produtos Receber suporte p\u00f3s-compra contato@ettara.net +1 (774) 204-1498 Rua A Q.06 Lt.04 CEP. 74523010 &#8211; Campinas, SP<\/p>","protected":false},"author":1,"featured_media":0,"parent":0,"menu_order":0,"comment_status":"closed","ping_status":"closed","template":"elementor_header_footer","meta":{"postBodyCss":"","postBodyMargin":[],"postBodyPadding":[],"postBodyBackground":{"backgroundType":"classic","gradient":""},"footnotes":""},"class_list":["post-16","page","type-page","status-publish","hentry"],"yoast_head":"<!-- This site is optimized with the Yoast SEO plugin v27.1.1 - https:\/\/yoast.com\/product\/yoast-seo-wordpress\/ -->\n<title>Contato - Ettara<\/title>\n<meta name=\"robots\" content=\"index, follow, max-snippet:-1, max-image-preview:large, max-video-preview:-1\" \/>\n<link rel=\"canonical\" href=\"https:\/\/ettara.net\/en\/contato\/\" \/>\n<meta property=\"og:locale\" content=\"en_US\" \/>\n<meta property=\"og:type\" content=\"article\" \/>\n<meta property=\"og:title\" content=\"Contato - Ettara\" \/>\n<meta property=\"og:description\" content=\"Contato Queremos que sua experi\u00eancia com nossos body splashes seja sempre a melhor poss\u00edvel. Se voc\u00ea tiver d\u00favidas sobre pedidos, produtos, entregas ou precisar de qualquer tipo de suporte, nossa equipe de atendimento est\u00e1 pronta para ajudar. Entre em contato conosco atrav\u00e9s do telefone abaixo. Nosso time ter\u00e1 prazer em atender voc\u00ea e oferecer todo o suporte necess\u00e1rio. Fale conosco Se preferir, voc\u00ea tamb\u00e9m pode entrar em contato para: Acompanhar o status do seu pedido Tirar d\u00favidas sobre fragr\u00e2ncias e produtos Receber suporte p\u00f3s-compra contato@ettara.net +1 (774) 204-1498 Rua A Q.06 Lt.04 CEP. 74523010 &#8211; Campinas, SP\" \/>\n<meta property=\"og:url\" content=\"https:\/\/ettara.net\/en\/contato\/\" \/>\n<meta property=\"og:site_name\" content=\"Ettara\" \/>\n<meta property=\"article:modified_time\" content=\"2026-04-16T22:11:27+00:00\" \/>\n<meta name=\"twitter:card\" content=\"summary_large_image\" \/>\n<meta name=\"twitter:label1\" content=\"Est. reading time\" \/>\n\t<meta name=\"twitter:data1\" content=\"1 minute\" \/>\n<script type=\"application\/ld+json\" class=\"yoast-schema-graph\">{\"@context\":\"https:\/\/schema.org\",\"@graph\":[{\"@type\":\"WebPage\",\"@id\":\"https:\/\/ettara.net\/contato\/\",\"url\":\"https:\/\/ettara.net\/contato\/\",\"name\":\"Contato - Ettara\",\"isPartOf\":{\"@id\":\"https:\/\/darksalmon-cattle-783970.hostingersite.com\/#website\"},\"datePublished\":\"2026-03-05T01:51:02+00:00\",\"dateModified\":\"2026-04-16T22:11:27+00:00\",\"breadcrumb\":{\"@id\":\"https:\/\/ettara.net\/contato\/#breadcrumb\"},\"inLanguage\":\"en-US\",\"potentialAction\":[{\"@type\":\"ReadAction\",\"target\":[\"https:\/\/ettara.net\/contato\/\"]}]},{\"@type\":\"BreadcrumbList\",\"@id\":\"https:\/\/ettara.net\/contato\/#breadcrumb\",\"itemListElement\":[{\"@type\":\"ListItem\",\"position\":1,\"name\":\"In\u00edcio\",\"item\":\"https:\/\/ettara.net\/\"},{\"@type\":\"ListItem\",\"position\":2,\"name\":\"Contato\"}]},{\"@type\":\"WebSite\",\"@id\":\"https:\/\/darksalmon-cattle-783970.hostingersite.com\/#website\",\"url\":\"https:\/\/darksalmon-cattle-783970.hostingersite.com\/\",\"name\":\"Ettara\",\"description\":\"Body Splash\",\"publisher\":{\"@id\":\"https:\/\/darksalmon-cattle-783970.hostingersite.com\/#organization\"},\"potentialAction\":[{\"@type\":\"SearchAction\",\"target\":{\"@type\":\"EntryPoint\",\"urlTemplate\":\"https:\/\/darksalmon-cattle-783970.hostingersite.com\/?s={search_term_string}\"},\"query-input\":{\"@type\":\"PropertyValueSpecification\",\"valueRequired\":true,\"valueName\":\"search_term_string\"}}],\"inLanguage\":\"en-US\"},{\"@type\":\"Organization\",\"@id\":\"https:\/\/darksalmon-cattle-783970.hostingersite.com\/#organization\",\"name\":\"Ettara\",\"url\":\"https:\/\/darksalmon-cattle-783970.hostingersite.com\/\",\"logo\":{\"@type\":\"ImageObject\",\"inLanguage\":\"en-US\",\"@id\":\"https:\/\/darksalmon-cattle-783970.hostingersite.com\/#\/schema\/logo\/image\/\",\"url\":\"https:\/\/ettara.net\/wp-content\/uploads\/2026\/03\/cropped-logo-1.png\",\"contentUrl\":\"https:\/\/ettara.net\/wp-content\/uploads\/2026\/03\/cropped-logo-1.png\",\"width\":500,\"height\":143,\"caption\":\"Ettara\"},\"image\":{\"@id\":\"https:\/\/darksalmon-cattle-783970.hostingersite.com\/#\/schema\/logo\/image\/\"}}]}<\/script>\n<!-- \/ Yoast SEO plugin. -->","yoast_head_json":{"title":"Contato - Ettara","robots":{"index":"index","follow":"follow","max-snippet":"max-snippet:-1","max-image-preview":"max-image-preview:large","max-video-preview":"max-video-preview:-1"},"canonical":"https:\/\/ettara.net\/en\/contato\/","og_locale":"en_US","og_type":"article","og_title":"Contato - Ettara","og_description":"Contato Queremos que sua experi\u00eancia com nossos body splashes seja sempre a melhor poss\u00edvel. Se voc\u00ea tiver d\u00favidas sobre pedidos, produtos, entregas ou precisar de qualquer tipo de suporte, nossa equipe de atendimento est\u00e1 pronta para ajudar. Entre em contato conosco atrav\u00e9s do telefone abaixo. Nosso time ter\u00e1 prazer em atender voc\u00ea e oferecer todo o suporte necess\u00e1rio. Fale conosco Se preferir, voc\u00ea tamb\u00e9m pode entrar em contato para: Acompanhar o status do seu pedido Tirar d\u00favidas sobre fragr\u00e2ncias e produtos Receber suporte p\u00f3s-compra contato@ettara.net +1 (774) 204-1498 Rua A Q.06 Lt.04 CEP. 74523010 &#8211; Campinas, SP","og_url":"https:\/\/ettara.net\/en\/contato\/","og_site_name":"Ettara","article_modified_time":"2026-04-16T22:11:27+00:00","twitter_card":"summary_large_image","twitter_misc":{"Est. reading time":"1 minute"},"schema":{"@context":"https:\/\/schema.org","@graph":[{"@type":"WebPage","@id":"https:\/\/ettara.net\/contato\/","url":"https:\/\/ettara.net\/contato\/","name":"Contato - Ettara","isPartOf":{"@id":"https:\/\/darksalmon-cattle-783970.hostingersite.com\/#website"},"datePublished":"2026-03-05T01:51:02+00:00","dateModified":"2026-04-16T22:11:27+00:00","breadcrumb":{"@id":"https:\/\/ettara.net\/contato\/#breadcrumb"},"inLanguage":"en-US","potentialAction":[{"@type":"ReadAction","target":["https:\/\/ettara.net\/contato\/"]}]},{"@type":"BreadcrumbList","@id":"https:\/\/ettara.net\/contato\/#breadcrumb","itemListElement":[{"@type":"ListItem","position":1,"name":"In\u00edcio","item":"https:\/\/ettara.net\/"},{"@type":"ListItem","position":2,"name":"Contato"}]},{"@type":"WebSite","@id":"https:\/\/darksalmon-cattle-783970.hostingersite.com\/#website","url":"https:\/\/darksalmon-cattle-783970.hostingersite.com\/","name":"Ettara","description":"Body Splash","publisher":{"@id":"https:\/\/darksalmon-cattle-783970.hostingersite.com\/#organization"},"potentialAction":[{"@type":"SearchAction","target":{"@type":"EntryPoint","urlTemplate":"https:\/\/darksalmon-cattle-783970.hostingersite.com\/?s={search_term_string}"},"query-input":{"@type":"PropertyValueSpecification","valueRequired":true,"valueName":"search_term_string"}}],"inLanguage":"en-US"},{"@type":"Organization","@id":"https:\/\/darksalmon-cattle-783970.hostingersite.com\/#organization","name":"Ettara","url":"https:\/\/darksalmon-cattle-783970.hostingersite.com\/","logo":{"@type":"ImageObject","inLanguage":"en-US","@id":"https:\/\/darksalmon-cattle-783970.hostingersite.com\/#\/schema\/logo\/image\/","url":"https:\/\/ettara.net\/wp-content\/uploads\/2026\/03\/cropped-logo-1.png","contentUrl":"https:\/\/ettara.net\/wp-content\/uploads\/2026\/03\/cropped-logo-1.png","width":500,"height":143,"caption":"Ettara"},"image":{"@id":"https:\/\/darksalmon-cattle-783970.hostingersite.com\/#\/schema\/logo\/image\/"}}]}},"_hostinger_reach_plugin_has_subscription_block":false,"_hostinger_reach_plugin_is_elementor":false,"_links":{"self":[{"href":"https:\/\/ettara.net\/en\/wp-json\/wp\/v2\/pages\/16","targetHints":{"allow":["GET"]}}],"collection":[{"href":"https:\/\/ettara.net\/en\/wp-json\/wp\/v2\/pages"}],"about":[{"href":"https:\/\/ettara.net\/en\/wp-json\/wp\/v2\/types\/page"}],"author":[{"embeddable":true,"href":"https:\/\/ettara.net\/en\/wp-json\/wp\/v2\/users\/1"}],"replies":[{"embeddable":true,"href":"https:\/\/ettara.net\/en\/wp-json\/wp\/v2\/comments?post=16"}],"version-history":[{"count":40,"href":"https:\/\/ettara.net\/en\/wp-json\/wp\/v2\/pages\/16\/revisions"}],"predecessor-version":[{"id":759,"href":"https:\/\/ettara.net\/en\/wp-json\/wp\/v2\/pages\/16\/revisions\/759"}],"wp:attachment":[{"href":"https:\/\/ettara.net\/en\/wp-json\/wp\/v2\/media?parent=16"}],"curies":[{"name":"wp","href":"https:\/\/api.w.org\/{rel}","templated":true}]}}